{"id":3541,"date":"2025-09-01T12:24:54","date_gmt":"2025-09-01T11:24:54","guid":{"rendered":"https:\/\/lebenclayart.com\/?post_type=product&#038;p=3541"},"modified":"2025-09-01T12:24:54","modified_gmt":"2025-09-01T11:24:54","slug":"skodelica-poletna","status":"publish","type":"product","link":"http:\/\/lebenclayart.com\/en\/izdelek\/skodelica-poletna\/","title":{"rendered":"Skodelica poletna"},"content":{"rendered":"<p>Kavica s pridihom morja \ud83d\ude42<\/p>\n<p>Skodelica s 3D \u0161koljkami in zavitim ro\u010dajem. Narejena je iz bele gline in ima dodane ro\u010dno izrezane \u0161koljke. \u0160koljke so pobarvane z belo podglazurno barvo, \u010dez pa je \u0161e prozorna svetle\u010da glazura. Izdelek je pe\u010den na 1250 stopinj. Zadr\u017ei cca 350ml teko\u010dine.<\/p>\n<p>Ker je vse narejeno ro\u010dno so mo\u017ena odstopanja v barvi, obliki, velikosti. Za dalj\u0161o uporabo priporo\u010dam previdno ravnanje in ro\u010dno pranje.<\/p>\n","protected":false},"excerpt":{"rendered":"<p>Skodelica s pridihom morja. Velikost cca 350ml.<\/p>\n","protected":false},"featured_media":3542,"comment_status":"open","ping_status":"closed","template":"","meta":[],"product_brand":[],"product_cat":[74],"product_tag":[],"class_list":{"0":"post-3541","1":"product","2":"type-product","3":"status-publish","4":"has-post-thumbnail","6":"product_cat-skodelice","8":"first","9":"outofstock","10":"purchasable","11":"product-type-simple","12":"add-to-wishlist-after_add_to_cart"},"_links":{"self":[{"href":"http:\/\/lebenclayart.com\/en\/wp-json\/wp\/v2\/product\/3541","targetHints":{"allow":["GET"]}}],"collection":[{"href":"http:\/\/lebenclayart.com\/en\/wp-json\/wp\/v2\/product"}],"about":[{"href":"http:\/\/lebenclayart.com\/en\/wp-json\/wp\/v2\/types\/product"}],"replies":[{"embeddable":true,"href":"http:\/\/lebenclayart.com\/en\/wp-json\/wp\/v2\/comments?post=3541"}],"version-history":[{"count":1,"href":"http:\/\/lebenclayart.com\/en\/wp-json\/wp\/v2\/product\/3541\/revisions"}],"predecessor-version":[{"id":3546,"href":"http:\/\/lebenclayart.com\/en\/wp-json\/wp\/v2\/product\/3541\/revisions\/3546"}],"wp:featuredmedia":[{"embeddable":true,"href":"http:\/\/lebenclayart.com\/en\/wp-json\/wp\/v2\/media\/3542"}],"wp:attachment":[{"href":"http:\/\/lebenclayart.com\/en\/wp-json\/wp\/v2\/media?parent=3541"}],"wp:term":[{"taxonomy":"product_brand","embeddable":true,"href":"http:\/\/lebenclayart.com\/en\/wp-json\/wp\/v2\/product_brand?post=3541"},{"taxonomy":"product_cat","embeddable":true,"href":"http:\/\/lebenclayart.com\/en\/wp-json\/wp\/v2\/product_cat?post=3541"},{"taxonomy":"product_tag","embeddable":true,"href":"http:\/\/lebenclayart.com\/en\/wp-json\/wp\/v2\/product_tag?post=3541"}],"curies":[{"name":"wp","href":"https:\/\/api.w.org\/{rel}","templated":true}]}}