{"id":3533,"date":"2025-09-01T12:18:12","date_gmt":"2025-09-01T11:18:12","guid":{"rendered":"https:\/\/lebenclayart.com\/?post_type=product&#038;p=3533"},"modified":"2025-09-19T07:09:56","modified_gmt":"2025-09-19T06:09:56","slug":"skodelica-z-zelenjem","status":"publish","type":"product","link":"http:\/\/lebenclayart.com\/en\/izdelek\/skodelica-z-zelenjem\/","title":{"rendered":"Skodelica z zelenjem"},"content":{"rendered":"<p>Ne\u017ena, minimalisti\u010dna skodelica porisana z zelenjem, ki se ziba v vetru.<\/p>\n<p>Skodelica je narejena iz bele gline, porisana je s podglazurnimi barvami \u010dez pa ima prozorno glazuro, ki je varna za uporabo v prehrambene namene. Zadr\u017ei cca 350ml teko\u010dine.<\/p>\n<p>Za dalj\u0161o uporabo priporo\u010dam previdno ravnanje in ro\u010dno pranje.<\/p>\n","protected":false},"excerpt":{"rendered":"<p>Ne\u017ena, minimalisti\u010dna skodelica porisana z zelenjem, ki se ziba v vetru.<\/p>\n<p>Skodelica zadr\u017ei cca 350ml teko\u010dine.<\/p>\n","protected":false},"featured_media":3534,"comment_status":"open","ping_status":"closed","template":"","meta":[],"product_brand":[],"product_cat":[74],"product_tag":[],"class_list":{"0":"post-3533","1":"product","2":"type-product","3":"status-publish","4":"has-post-thumbnail","6":"product_cat-skodelice","8":"first","9":"instock","10":"purchasable","11":"product-type-simple","12":"add-to-wishlist-after_add_to_cart"},"_links":{"self":[{"href":"http:\/\/lebenclayart.com\/en\/wp-json\/wp\/v2\/product\/3533","targetHints":{"allow":["GET"]}}],"collection":[{"href":"http:\/\/lebenclayart.com\/en\/wp-json\/wp\/v2\/product"}],"about":[{"href":"http:\/\/lebenclayart.com\/en\/wp-json\/wp\/v2\/types\/product"}],"replies":[{"embeddable":true,"href":"http:\/\/lebenclayart.com\/en\/wp-json\/wp\/v2\/comments?post=3533"}],"version-history":[{"count":1,"href":"http:\/\/lebenclayart.com\/en\/wp-json\/wp\/v2\/product\/3533\/revisions"}],"predecessor-version":[{"id":3540,"href":"http:\/\/lebenclayart.com\/en\/wp-json\/wp\/v2\/product\/3533\/revisions\/3540"}],"wp:featuredmedia":[{"embeddable":true,"href":"http:\/\/lebenclayart.com\/en\/wp-json\/wp\/v2\/media\/3534"}],"wp:attachment":[{"href":"http:\/\/lebenclayart.com\/en\/wp-json\/wp\/v2\/media?parent=3533"}],"wp:term":[{"taxonomy":"product_brand","embeddable":true,"href":"http:\/\/lebenclayart.com\/en\/wp-json\/wp\/v2\/product_brand?post=3533"},{"taxonomy":"product_cat","embeddable":true,"href":"http:\/\/lebenclayart.com\/en\/wp-json\/wp\/v2\/product_cat?post=3533"},{"taxonomy":"product_tag","embeddable":true,"href":"http:\/\/lebenclayart.com\/en\/wp-json\/wp\/v2\/product_tag?post=3533"}],"curies":[{"name":"wp","href":"https:\/\/api.w.org\/{rel}","templated":true}]}}