{"id":3510,"date":"2024-10-05T09:15:36","date_gmt":"2024-10-05T08:15:36","guid":{"rendered":"https:\/\/lebenclayart.com\/?post_type=product&#038;p=3510"},"modified":"2024-10-24T06:17:32","modified_gmt":"2024-10-24T05:17:32","slug":"skodelica-jesenska-gobe","status":"publish","type":"product","link":"http:\/\/lebenclayart.com\/en\/izdelek\/skodelica-jesenska-gobe\/","title":{"rendered":"Skodelica jesenska- gobe"},"content":{"rendered":"<p>Ob vstopu v jesenski \u010das sem izdelala skodelice z jesenskimi motivi. Narejena je iz bele gline in ima ro\u010dno narisane motive mu\u0161nic in vejic. Izdelek je pe\u010den na 1250 stopinj in ima zavit ro\u010daj. Zadr\u017ei cca 300 ml teko\u010dine.<\/p>\n<p>&nbsp;<\/p>\n<p>Ker je ro\u010dno delo so mo\u017ena odstopanja v barvi, velikosti, obliki.<\/p>\n<p>Skodelica se lahko pere v pomivalnem stroju \u010deprav za dalj\u0161o obstojnost priporo\u010dam ro\u010dno pranje.<\/p>\n","protected":false},"excerpt":{"rendered":"<p>Skodelica z zavitim ro\u010dajem z jesenskim motivom.<\/p>\n<p>Velikost cca 300ml.<\/p>\n","protected":false},"featured_media":3511,"comment_status":"open","ping_status":"closed","template":"","meta":[],"product_brand":[],"product_cat":[74],"product_tag":[],"class_list":{"0":"post-3510","1":"product","2":"type-product","3":"status-publish","4":"has-post-thumbnail","6":"product_cat-skodelice","8":"first","9":"outofstock","10":"taxable","11":"shipping-taxable","12":"purchasable","13":"product-type-simple","14":"add-to-wishlist-after_add_to_cart"},"_links":{"self":[{"href":"http:\/\/lebenclayart.com\/en\/wp-json\/wp\/v2\/product\/3510","targetHints":{"allow":["GET"]}}],"collection":[{"href":"http:\/\/lebenclayart.com\/en\/wp-json\/wp\/v2\/product"}],"about":[{"href":"http:\/\/lebenclayart.com\/en\/wp-json\/wp\/v2\/types\/product"}],"replies":[{"embeddable":true,"href":"http:\/\/lebenclayart.com\/en\/wp-json\/wp\/v2\/comments?post=3510"}],"version-history":[{"count":1,"href":"http:\/\/lebenclayart.com\/en\/wp-json\/wp\/v2\/product\/3510\/revisions"}],"predecessor-version":[{"id":3513,"href":"http:\/\/lebenclayart.com\/en\/wp-json\/wp\/v2\/product\/3510\/revisions\/3513"}],"wp:featuredmedia":[{"embeddable":true,"href":"http:\/\/lebenclayart.com\/en\/wp-json\/wp\/v2\/media\/3511"}],"wp:attachment":[{"href":"http:\/\/lebenclayart.com\/en\/wp-json\/wp\/v2\/media?parent=3510"}],"wp:term":[{"taxonomy":"product_brand","embeddable":true,"href":"http:\/\/lebenclayart.com\/en\/wp-json\/wp\/v2\/product_brand?post=3510"},{"taxonomy":"product_cat","embeddable":true,"href":"http:\/\/lebenclayart.com\/en\/wp-json\/wp\/v2\/product_cat?post=3510"},{"taxonomy":"product_tag","embeddable":true,"href":"http:\/\/lebenclayart.com\/en\/wp-json\/wp\/v2\/product_tag?post=3510"}],"curies":[{"name":"wp","href":"https:\/\/api.w.org\/{rel}","templated":true}]}}