{"id":3383,"date":"2024-03-26T08:00:02","date_gmt":"2024-03-26T07:00:02","guid":{"rendered":"https:\/\/lebenclayart.com\/?post_type=product&#038;p=3383"},"modified":"2024-07-08T07:52:49","modified_gmt":"2024-07-08T06:52:49","slug":"skodelica-roze","status":"publish","type":"product","link":"http:\/\/lebenclayart.com\/en\/izdelek\/skodelica-roze\/","title":{"rendered":"Skodelica- pisane ro\u017ee"},"content":{"rendered":"<p>Skodelica je izdelana na vretenu iz bele gline, ima ro\u010dno narisane ro\u017ee in zavit ro\u010daj. Izdelek je pe\u010den na 1250 stopinj kar ga uvr\u0161\u010da med kamenine. Je odporna na strojno pranje, \u010deprav za dalj\u0161o obstojnost svetujem previdno ravnanje oziroma pranje na roke.<\/p>\n<p>Skodelica zadr\u017ei cca 300ml teko\u010dine. Ker je narejena ro\u010dno so mo\u017ena odstopanja v velikosti, obliki in barvi.<\/p>\n<p>Izdelek je na voljo po naro\u010dilu. Za izdelavo potrebujem cca 3-4 tedne.<\/p>\n","protected":false},"excerpt":{"rendered":"<p>Skodelica z ro\u010dno narisanimi ro\u017eami.<\/p>\n<p>Velikost cca 300ml<\/p>\n<p>Ker je ro\u010dno delo so mo\u017ena odstopanja v velikosti, obliki, barvi.<\/p>\n","protected":false},"featured_media":3384,"comment_status":"open","ping_status":"closed","template":"","meta":[],"product_brand":[],"product_cat":[74],"product_tag":[],"class_list":{"0":"post-3383","1":"product","2":"type-product","3":"status-publish","4":"has-post-thumbnail","6":"product_cat-skodelice","8":"first","9":"outofstock","10":"purchasable","11":"product-type-simple","12":"add-to-wishlist-after_add_to_cart"},"_links":{"self":[{"href":"http:\/\/lebenclayart.com\/en\/wp-json\/wp\/v2\/product\/3383","targetHints":{"allow":["GET"]}}],"collection":[{"href":"http:\/\/lebenclayart.com\/en\/wp-json\/wp\/v2\/product"}],"about":[{"href":"http:\/\/lebenclayart.com\/en\/wp-json\/wp\/v2\/types\/product"}],"replies":[{"embeddable":true,"href":"http:\/\/lebenclayart.com\/en\/wp-json\/wp\/v2\/comments?post=3383"}],"version-history":[{"count":3,"href":"http:\/\/lebenclayart.com\/en\/wp-json\/wp\/v2\/product\/3383\/revisions"}],"predecessor-version":[{"id":3403,"href":"http:\/\/lebenclayart.com\/en\/wp-json\/wp\/v2\/product\/3383\/revisions\/3403"}],"wp:featuredmedia":[{"embeddable":true,"href":"http:\/\/lebenclayart.com\/en\/wp-json\/wp\/v2\/media\/3384"}],"wp:attachment":[{"href":"http:\/\/lebenclayart.com\/en\/wp-json\/wp\/v2\/media?parent=3383"}],"wp:term":[{"taxonomy":"product_brand","embeddable":true,"href":"http:\/\/lebenclayart.com\/en\/wp-json\/wp\/v2\/product_brand?post=3383"},{"taxonomy":"product_cat","embeddable":true,"href":"http:\/\/lebenclayart.com\/en\/wp-json\/wp\/v2\/product_cat?post=3383"},{"taxonomy":"product_tag","embeddable":true,"href":"http:\/\/lebenclayart.com\/en\/wp-json\/wp\/v2\/product_tag?post=3383"}],"curies":[{"name":"wp","href":"https:\/\/api.w.org\/{rel}","templated":true}]}}