{"id":3364,"date":"2024-03-25T14:21:07","date_gmt":"2024-03-25T13:21:07","guid":{"rendered":"https:\/\/lebenclayart.com\/?post_type=product&#038;p=3364"},"modified":"2024-04-02T15:43:58","modified_gmt":"2024-04-02T14:43:58","slug":"kroznik-moder","status":"publish","type":"product","link":"http:\/\/lebenclayart.com\/en\/izdelek\/kroznik-moder\/","title":{"rendered":"Kro\u017enik izrezljan- moder"},"content":{"rendered":"<p>Kro\u017enik je izdelan iz rjave gline z modro glazuro in je ro\u010dno izrezljan.<\/p>\n<p>Izdelek je pe\u010den na 1250 stopinj kar ga naredi odpornega na pranje v pomivalnem stroju, \u010deprav za dalj\u0161o \u017eivljensko dobo priporo\u010dam pranje na roke.<\/p>\n<p>Premer kro\u017enika 23,5 cm<\/p>\n<p>Ker je ro\u010dno delo so mo\u017ena odstopanja v barvi, velikosti in obliki.<\/p>\n","protected":false},"excerpt":{"rendered":"<p>Kro\u017enik iz rjave gline z modro glazuro.<\/p>\n<p>Premer 23,5 cm<\/p>\n","protected":false},"featured_media":3379,"comment_status":"open","ping_status":"closed","template":"","meta":[],"product_brand":[],"product_cat":[75],"product_tag":[],"class_list":{"0":"post-3364","1":"product","2":"type-product","3":"status-publish","4":"has-post-thumbnail","6":"product_cat-krozniki","8":"first","9":"instock","10":"purchasable","11":"product-type-simple","12":"add-to-wishlist-after_add_to_cart"},"_links":{"self":[{"href":"http:\/\/lebenclayart.com\/en\/wp-json\/wp\/v2\/product\/3364","targetHints":{"allow":["GET"]}}],"collection":[{"href":"http:\/\/lebenclayart.com\/en\/wp-json\/wp\/v2\/product"}],"about":[{"href":"http:\/\/lebenclayart.com\/en\/wp-json\/wp\/v2\/types\/product"}],"replies":[{"embeddable":true,"href":"http:\/\/lebenclayart.com\/en\/wp-json\/wp\/v2\/comments?post=3364"}],"version-history":[{"count":2,"href":"http:\/\/lebenclayart.com\/en\/wp-json\/wp\/v2\/product\/3364\/revisions"}],"predecessor-version":[{"id":3372,"href":"http:\/\/lebenclayart.com\/en\/wp-json\/wp\/v2\/product\/3364\/revisions\/3372"}],"wp:featuredmedia":[{"embeddable":true,"href":"http:\/\/lebenclayart.com\/en\/wp-json\/wp\/v2\/media\/3379"}],"wp:attachment":[{"href":"http:\/\/lebenclayart.com\/en\/wp-json\/wp\/v2\/media?parent=3364"}],"wp:term":[{"taxonomy":"product_brand","embeddable":true,"href":"http:\/\/lebenclayart.com\/en\/wp-json\/wp\/v2\/product_brand?post=3364"},{"taxonomy":"product_cat","embeddable":true,"href":"http:\/\/lebenclayart.com\/en\/wp-json\/wp\/v2\/product_cat?post=3364"},{"taxonomy":"product_tag","embeddable":true,"href":"http:\/\/lebenclayart.com\/en\/wp-json\/wp\/v2\/product_tag?post=3364"}],"curies":[{"name":"wp","href":"https:\/\/api.w.org\/{rel}","templated":true}]}}