{"id":3256,"date":"2024-02-29T11:26:25","date_gmt":"2024-02-29T10:26:25","guid":{"rendered":"http:\/\/lebenclayart.com\/?post_type=product&#038;p=3256"},"modified":"2024-04-02T15:44:34","modified_gmt":"2024-04-02T14:44:34","slug":"kroznik-bez","status":"publish","type":"product","link":"http:\/\/lebenclayart.com\/en\/izdelek\/kroznik-bez\/","title":{"rendered":"Kro\u017enik be\u017e"},"content":{"rendered":"<p>Kro\u017enik je narejen na vretenu iz bele gline z dodatkom \u010drnih pik. \u010cez ima be\u017e glazuro.<\/p>\n<p>Izdelek je pe\u010den na 1250 stopinj in je primeren za uporabo v prehrambene namene in za pranje v pomivalnem stroju.<\/p>\n<p>Cena je za 1 kos.<\/p>\n<p>Velikost: 18cm v \u0161irino in 2cm v vi\u0161ino<\/p>\n<p>Ker je izdelek ro\u010dno delo so mo\u017ena odstopanja v barvi, velikosti, obliki.<\/p>\n<p>&nbsp;<\/p>\n","protected":false},"excerpt":{"rendered":"<p>Cena je za 1 kos<\/p>\n<p>Velikost: 18cm \u0161irina in 2cm vi\u0161ina<\/p>\n","protected":false},"featured_media":3259,"comment_status":"open","ping_status":"closed","template":"","meta":[],"product_brand":[],"product_cat":[75],"product_tag":[],"class_list":{"0":"post-3256","1":"product","2":"type-product","3":"status-publish","4":"has-post-thumbnail","6":"product_cat-krozniki","8":"first","9":"instock","10":"purchasable","11":"product-type-simple","12":"add-to-wishlist-after_add_to_cart"},"_links":{"self":[{"href":"http:\/\/lebenclayart.com\/en\/wp-json\/wp\/v2\/product\/3256","targetHints":{"allow":["GET"]}}],"collection":[{"href":"http:\/\/lebenclayart.com\/en\/wp-json\/wp\/v2\/product"}],"about":[{"href":"http:\/\/lebenclayart.com\/en\/wp-json\/wp\/v2\/types\/product"}],"replies":[{"embeddable":true,"href":"http:\/\/lebenclayart.com\/en\/wp-json\/wp\/v2\/comments?post=3256"}],"version-history":[{"count":1,"href":"http:\/\/lebenclayart.com\/en\/wp-json\/wp\/v2\/product\/3256\/revisions"}],"predecessor-version":[{"id":3261,"href":"http:\/\/lebenclayart.com\/en\/wp-json\/wp\/v2\/product\/3256\/revisions\/3261"}],"wp:featuredmedia":[{"embeddable":true,"href":"http:\/\/lebenclayart.com\/en\/wp-json\/wp\/v2\/media\/3259"}],"wp:attachment":[{"href":"http:\/\/lebenclayart.com\/en\/wp-json\/wp\/v2\/media?parent=3256"}],"wp:term":[{"taxonomy":"product_brand","embeddable":true,"href":"http:\/\/lebenclayart.com\/en\/wp-json\/wp\/v2\/product_brand?post=3256"},{"taxonomy":"product_cat","embeddable":true,"href":"http:\/\/lebenclayart.com\/en\/wp-json\/wp\/v2\/product_cat?post=3256"},{"taxonomy":"product_tag","embeddable":true,"href":"http:\/\/lebenclayart.com\/en\/wp-json\/wp\/v2\/product_tag?post=3256"}],"curies":[{"name":"wp","href":"https:\/\/api.w.org\/{rel}","templated":true}]}}