{"id":3233,"date":"2024-02-29T10:14:46","date_gmt":"2024-02-29T09:14:46","guid":{"rendered":"http:\/\/lebenclayart.com\/?post_type=product&#038;p=3233"},"modified":"2024-03-18T09:22:45","modified_gmt":"2024-03-18T08:22:45","slug":"skodelica-%cb%9dta-kratka%cb%9d","status":"publish","type":"product","link":"http:\/\/lebenclayart.com\/en\/izdelek\/skodelica-%cb%9dta-kratka%cb%9d\/","title":{"rendered":"Skodelica \u02ddta kratka\u02dd"},"content":{"rendered":"<p>Skodelica je izdelana na vretenu iz bele gline in je brez ro\u010daja. Izdelek je pe\u010den na 1250 stopinj kar ga uvr\u0161\u010da med kamenine. Je odporna na strojno pranje, \u010deprav za dalj\u0161o obstojnost svetujem previdno ravnanje oziroma pranje na roke.<\/p>\n<p>Navedena cena je za 1 kos<\/p>\n<p>Skodelica zadr\u017ei cca 200 ml teko\u010dine. Ker je narejena ro\u010dno so mo\u017ena odstopanja v velikosti, obliki in barvi.<\/p>\n","protected":false},"excerpt":{"rendered":"<p>Velikost: cca 200ml<\/p>\n<p>Skodelica brez ro\u010daja<\/p>\n","protected":false},"featured_media":3235,"comment_status":"open","ping_status":"closed","template":"","meta":[],"product_brand":[],"product_cat":[74],"product_tag":[],"class_list":{"0":"post-3233","1":"product","2":"type-product","3":"status-publish","4":"has-post-thumbnail","6":"product_cat-skodelice","8":"first","9":"outofstock","10":"purchasable","11":"product-type-simple","12":"add-to-wishlist-after_add_to_cart"},"_links":{"self":[{"href":"http:\/\/lebenclayart.com\/en\/wp-json\/wp\/v2\/product\/3233","targetHints":{"allow":["GET"]}}],"collection":[{"href":"http:\/\/lebenclayart.com\/en\/wp-json\/wp\/v2\/product"}],"about":[{"href":"http:\/\/lebenclayart.com\/en\/wp-json\/wp\/v2\/types\/product"}],"replies":[{"embeddable":true,"href":"http:\/\/lebenclayart.com\/en\/wp-json\/wp\/v2\/comments?post=3233"}],"version-history":[{"count":2,"href":"http:\/\/lebenclayart.com\/en\/wp-json\/wp\/v2\/product\/3233\/revisions"}],"predecessor-version":[{"id":3263,"href":"http:\/\/lebenclayart.com\/en\/wp-json\/wp\/v2\/product\/3233\/revisions\/3263"}],"wp:featuredmedia":[{"embeddable":true,"href":"http:\/\/lebenclayart.com\/en\/wp-json\/wp\/v2\/media\/3235"}],"wp:attachment":[{"href":"http:\/\/lebenclayart.com\/en\/wp-json\/wp\/v2\/media?parent=3233"}],"wp:term":[{"taxonomy":"product_brand","embeddable":true,"href":"http:\/\/lebenclayart.com\/en\/wp-json\/wp\/v2\/product_brand?post=3233"},{"taxonomy":"product_cat","embeddable":true,"href":"http:\/\/lebenclayart.com\/en\/wp-json\/wp\/v2\/product_cat?post=3233"},{"taxonomy":"product_tag","embeddable":true,"href":"http:\/\/lebenclayart.com\/en\/wp-json\/wp\/v2\/product_tag?post=3233"}],"curies":[{"name":"wp","href":"https:\/\/api.w.org\/{rel}","templated":true}]}}