{"id":3217,"date":"2024-02-11T10:01:02","date_gmt":"2024-02-11T09:01:02","guid":{"rendered":"https:\/\/lebenclayart.com\/?post_type=product&#038;p=3217"},"modified":"2024-07-08T07:53:14","modified_gmt":"2024-07-08T06:53:14","slug":"3217","status":"publish","type":"product","link":"http:\/\/lebenclayart.com\/en\/izdelek\/3217\/","title":{"rendered":"Skodelica- svetlo modra"},"content":{"rendered":"<p>Skodelica je izdelana na vretenu iz bele gline s pikicam in ima zavit ro\u010daj. Izdelek je pe\u010den na 1250 stopinj kar ga uvr\u0161\u010da med kamenine. Je odporna na strojno pranje, \u010deprav za dalj\u0161o obstojnost svetujem previdno ravnanje oziroma pranje na roke.<\/p>\n<p>Skodelica zadr\u017ei cca 250 ml teko\u010dine. Ker je narejena ro\u010dno so mo\u017ena odstopanja v velikosti, obliki in barvi.<\/p>\n","protected":false},"excerpt":{"rendered":"<p>Modra skodelica z zavitim ro\u010dajem.<\/p>\n<p>Velikost: cca 250 ml<\/p>\n","protected":false},"featured_media":3215,"comment_status":"open","ping_status":"closed","template":"","meta":[],"product_brand":[],"product_cat":[74],"product_tag":[],"class_list":{"0":"post-3217","1":"product","2":"type-product","3":"status-publish","4":"has-post-thumbnail","6":"product_cat-skodelice","8":"first","9":"outofstock","10":"purchasable","11":"product-type-simple","12":"add-to-wishlist-after_add_to_cart"},"_links":{"self":[{"href":"http:\/\/lebenclayart.com\/en\/wp-json\/wp\/v2\/product\/3217","targetHints":{"allow":["GET"]}}],"collection":[{"href":"http:\/\/lebenclayart.com\/en\/wp-json\/wp\/v2\/product"}],"about":[{"href":"http:\/\/lebenclayart.com\/en\/wp-json\/wp\/v2\/types\/product"}],"replies":[{"embeddable":true,"href":"http:\/\/lebenclayart.com\/en\/wp-json\/wp\/v2\/comments?post=3217"}],"version-history":[{"count":2,"href":"http:\/\/lebenclayart.com\/en\/wp-json\/wp\/v2\/product\/3217\/revisions"}],"predecessor-version":[{"id":3451,"href":"http:\/\/lebenclayart.com\/en\/wp-json\/wp\/v2\/product\/3217\/revisions\/3451"}],"wp:featuredmedia":[{"embeddable":true,"href":"http:\/\/lebenclayart.com\/en\/wp-json\/wp\/v2\/media\/3215"}],"wp:attachment":[{"href":"http:\/\/lebenclayart.com\/en\/wp-json\/wp\/v2\/media?parent=3217"}],"wp:term":[{"taxonomy":"product_brand","embeddable":true,"href":"http:\/\/lebenclayart.com\/en\/wp-json\/wp\/v2\/product_brand?post=3217"},{"taxonomy":"product_cat","embeddable":true,"href":"http:\/\/lebenclayart.com\/en\/wp-json\/wp\/v2\/product_cat?post=3217"},{"taxonomy":"product_tag","embeddable":true,"href":"http:\/\/lebenclayart.com\/en\/wp-json\/wp\/v2\/product_tag?post=3217"}],"curies":[{"name":"wp","href":"https:\/\/api.w.org\/{rel}","templated":true}]}}