{"id":3210,"date":"2024-02-11T09:54:22","date_gmt":"2024-02-11T08:54:22","guid":{"rendered":"https:\/\/lebenclayart.com\/?post_type=product&#038;p=3210"},"modified":"2024-06-10T08:02:17","modified_gmt":"2024-06-10T07:02:17","slug":"individualna-delavnica-par","status":"publish","type":"product","link":"http:\/\/lebenclayart.com\/en\/izdelek\/individualna-delavnica-par\/","title":{"rendered":"Individualna delavnica- par"},"content":{"rendered":"<p>Na delavnici bomo spoznali razli\u010dne oblike ro\u010dnega oblikovanja gline, odvisno od va\u0161ih \u017eelja. Ustvarjanje z glino je super na\u010din za povezovanje in dru\u017eenje.<\/p>\n<p>Delavnica traja od 2,5-3 ure.<\/p>\n<p>Vsi izdelki so narejeni iz visoko temperaturnih materialov in so pe\u010deni na 1250 stopinj.<\/p>\n<p>V ceno je v\u0161tet ves material, orodje, moje vodenje, 2x peka izdelka, prozorna glazura.<\/p>\n<p>Primerno za za\u010detnike ali \u017ee malo bolj izku\u0161ene.<\/p>\n<p>Delavnica se izvede po dogovoru. Ko opravite nakup me kontaktirajte na mail stasa.leben@gmail.com kjer se bomo dogovorili za termin.<\/p>\n<p>\u010ce se delavnice ne boste morali udele\u017eiti mi to sporo\u010dite vsaj 5 dni prej. \u010ce to storite v dolo\u010denem roku vam lahko prestavim termin ali povrnem \u017ee pla\u010dano vsoto. V nasprotnem primeru denarja ne vra\u010dam.<\/p>\n<p>&nbsp;<\/p>\n","protected":false},"excerpt":{"rendered":"<p>Delavnica je individualna kar pomeni, da ste s svojim partnerjem\/partnerko sami. To je odli\u010den na\u010din za povezovanje, darilo za obletnico&#8230;<\/p>\n<p>Termin po dogovoru.<\/p>\n<p>Cena velja za dve osebi.<\/p>\n","protected":false},"featured_media":3211,"comment_status":"open","ping_status":"closed","template":"","meta":[],"product_brand":[],"product_cat":[86],"product_tag":[],"class_list":{"0":"post-3210","1":"product","2":"type-product","3":"status-publish","4":"has-post-thumbnail","6":"product_cat-delavnice","8":"first","9":"onbackorder","10":"purchasable","11":"product-type-simple","12":"add-to-wishlist-after_add_to_cart"},"_links":{"self":[{"href":"http:\/\/lebenclayart.com\/en\/wp-json\/wp\/v2\/product\/3210","targetHints":{"allow":["GET"]}}],"collection":[{"href":"http:\/\/lebenclayart.com\/en\/wp-json\/wp\/v2\/product"}],"about":[{"href":"http:\/\/lebenclayart.com\/en\/wp-json\/wp\/v2\/types\/product"}],"replies":[{"embeddable":true,"href":"http:\/\/lebenclayart.com\/en\/wp-json\/wp\/v2\/comments?post=3210"}],"version-history":[{"count":5,"href":"http:\/\/lebenclayart.com\/en\/wp-json\/wp\/v2\/product\/3210\/revisions"}],"predecessor-version":[{"id":3459,"href":"http:\/\/lebenclayart.com\/en\/wp-json\/wp\/v2\/product\/3210\/revisions\/3459"}],"wp:featuredmedia":[{"embeddable":true,"href":"http:\/\/lebenclayart.com\/en\/wp-json\/wp\/v2\/media\/3211"}],"wp:attachment":[{"href":"http:\/\/lebenclayart.com\/en\/wp-json\/wp\/v2\/media?parent=3210"}],"wp:term":[{"taxonomy":"product_brand","embeddable":true,"href":"http:\/\/lebenclayart.com\/en\/wp-json\/wp\/v2\/product_brand?post=3210"},{"taxonomy":"product_cat","embeddable":true,"href":"http:\/\/lebenclayart.com\/en\/wp-json\/wp\/v2\/product_cat?post=3210"},{"taxonomy":"product_tag","embeddable":true,"href":"http:\/\/lebenclayart.com\/en\/wp-json\/wp\/v2\/product_tag?post=3210"}],"curies":[{"name":"wp","href":"https:\/\/api.w.org\/{rel}","templated":true}]}}