{"id":3134,"date":"2024-02-09T10:14:49","date_gmt":"2024-02-09T09:14:49","guid":{"rendered":"https:\/\/lebenclayart.com\/?post_type=product&#038;p=3134"},"modified":"2025-09-01T12:31:20","modified_gmt":"2025-09-01T11:31:20","slug":"srcki","status":"publish","type":"product","link":"http:\/\/lebenclayart.com\/en\/izdelek\/srcki\/","title":{"rendered":"Sr\u010dki"},"content":{"rendered":"<p>Skodelica je izdelana na vretenu iz bele gline, ima ro\u010dno narisane sr\u010dke in zavit ro\u010daj. Izdelek je pe\u010den na 1250 stopinj kar ga uvr\u0161\u010da med kamenine. Je odporna na strojno pranje, \u010deprav za dalj\u0161o obstojnost svetujem previdno ravnanje oziroma pranje na roke.<\/p>\n<p>Skodelica zadr\u017ei cca 300ml teko\u010dine. Ker je narejena ro\u010dno so mo\u017ena odstopanja v velikosti, obliki in barvi.<\/p>\n<p>&nbsp;<\/p>\n","protected":false},"excerpt":{"rendered":"<p>Velikost: cca 300ml<\/p>\n<p>&nbsp;<\/p>\n","protected":false},"featured_media":3142,"comment_status":"open","ping_status":"closed","template":"","meta":[],"product_brand":[],"product_cat":[74],"product_tag":[],"class_list":{"0":"post-3134","1":"product","2":"type-product","3":"status-publish","4":"has-post-thumbnail","6":"product_cat-skodelice","8":"first","9":"outofstock","10":"purchasable","11":"product-type-simple","12":"add-to-wishlist-after_add_to_cart"},"_links":{"self":[{"href":"http:\/\/lebenclayart.com\/en\/wp-json\/wp\/v2\/product\/3134","targetHints":{"allow":["GET"]}}],"collection":[{"href":"http:\/\/lebenclayart.com\/en\/wp-json\/wp\/v2\/product"}],"about":[{"href":"http:\/\/lebenclayart.com\/en\/wp-json\/wp\/v2\/types\/product"}],"replies":[{"embeddable":true,"href":"http:\/\/lebenclayart.com\/en\/wp-json\/wp\/v2\/comments?post=3134"}],"version-history":[{"count":4,"href":"http:\/\/lebenclayart.com\/en\/wp-json\/wp\/v2\/product\/3134\/revisions"}],"predecessor-version":[{"id":3493,"href":"http:\/\/lebenclayart.com\/en\/wp-json\/wp\/v2\/product\/3134\/revisions\/3493"}],"wp:featuredmedia":[{"embeddable":true,"href":"http:\/\/lebenclayart.com\/en\/wp-json\/wp\/v2\/media\/3142"}],"wp:attachment":[{"href":"http:\/\/lebenclayart.com\/en\/wp-json\/wp\/v2\/media?parent=3134"}],"wp:term":[{"taxonomy":"product_brand","embeddable":true,"href":"http:\/\/lebenclayart.com\/en\/wp-json\/wp\/v2\/product_brand?post=3134"},{"taxonomy":"product_cat","embeddable":true,"href":"http:\/\/lebenclayart.com\/en\/wp-json\/wp\/v2\/product_cat?post=3134"},{"taxonomy":"product_tag","embeddable":true,"href":"http:\/\/lebenclayart.com\/en\/wp-json\/wp\/v2\/product_tag?post=3134"}],"curies":[{"name":"wp","href":"https:\/\/api.w.org\/{rel}","templated":true}]}}